{"id":10281,"date":"2021-06-26T12:19:51","date_gmt":"2021-06-26T16:19:51","guid":{"rendered":"https:\/\/e4systemsgroup.com\/site\/?page_id=10281"},"modified":"2021-10-31T17:06:06","modified_gmt":"2021-10-31T21:06:06","slug":"servicios","status":"publish","type":"page","link":"https:\/\/e4systemsgroup.com\/site\/servicios\/","title":{"rendered":"Servicios"},"content":{"rendered":"<div id=\"pl-10281\"  class=\"panel-layout\" ><div id=\"pg-10281-0\"  class=\"panel-grid panel-has-style\" ><div class=\"panel-row-style panel-row-style-for-10281-0\" ><div id=\"pgc-10281-0-0\"  class=\"panel-grid-cell\" ><div id=\"panel-10281-0-0-0\" class=\"so-panel widget widget_sow-editor panel-first-child\" data-index=\"0\" ><div class=\"so-widget-sow-editor so-widget-sow-editor-base\">\n<div class=\"siteorigin-widget-tinymce textwidget\">\n\t<h3>Proyectos<\/h3>\n<ul>\n<li>Ingenier\u00eda conceptual, b\u00e1sica, de detalles.<\/li>\n<li>Arquitectura del sistema.<\/li>\n<li>Filosof\u00eda de control.<\/li>\n<li>Memorias de c\u00e1lculos.<\/li>\n<li>Planos.<\/li>\n<li>Manuales de operaci\u00f3n.<\/li>\n<li>Armado y puesta en marcha de sistemas PLC.<\/li>\n<li>Programaci\u00f3n de sistemas PLC<\/li>\n<li>Sistemas Scadas.<\/li>\n<\/ul>\n<h3>Asistencia t\u00e9cnica<\/h3>\n<ul>\n<li>Suministro de personal en paradas de planta, reparaciones y evaluaciones en sitio.<\/li>\n<li>Sistemas de control y monitoreo de condiciones Bently Nevada.<\/li>\n<li>Asesor\u00eda para reparaci\u00f3n de Compresores.<\/li>\n<li>Alineaci\u00f3n de maquinas.<\/li>\n<li>Diagn\u00f3stico de Sistemas de control CCC, Elaboraci\u00f3n de curvas, Arranque de plantas de proceso.<\/li>\n<li>Adiestramiento.<\/li>\n<\/ul>\n<\/div>\n<\/div><\/div><div id=\"panel-10281-0-0-1\" class=\"so-panel widget widget_siteorigin-panels-builder panel-last-child\" data-index=\"1\" ><div id=\"pl-w60db4bf72797c\"  class=\"panel-layout\" ><div id=\"pg-w60db4bf72797c-0\"  class=\"panel-grid panel-no-style\" ><div id=\"pgc-w60db4bf72797c-0-0\"  class=\"panel-grid-cell panel-grid-cell-empty\" ><\/div><div id=\"pgc-w60db4bf72797c-0-1\"  class=\"panel-grid-cell\" ><div id=\"panel-w60db4bf72797c-0-1-0\" class=\"so-panel widget widget_sow-image panel-first-child panel-last-child\" data-index=\"0\" ><div class=\"panel-widget-style panel-widget-style-for-w60db4bf72797c-0-1-0\" ><div class=\"so-widget-sow-image so-widget-sow-image-default-17bc2272b535-10281\">\n\n<div class=\"sow-image-container\">\n\t\t<img src=\"https:\/\/e4systemsgroup.com\/site\/wp-content\/uploads\/2021\/06\/SERVICIOS_01.jpg\" width=\"300\" height=\"250\" srcset=\"https:\/\/e4systemsgroup.com\/site\/wp-content\/uploads\/2021\/06\/SERVICIOS_01.jpg 300w, https:\/\/e4systemsgroup.com\/site\/wp-content\/uploads\/2021\/06\/SERVICIOS_01-280x233.jpg 280w\" sizes=\"(max-width: 300px) 100vw, 300px\" alt=\"\" loading=\"lazy\" \t\tclass=\"so-widget-image\"\/>\n\t<\/div>\n\n<\/div><\/div><\/div><\/div><div id=\"pgc-w60db4bf72797c-0-2\"  class=\"panel-grid-cell panel-grid-cell-mobile-last\" ><div id=\"panel-w60db4bf72797c-0-2-0\" class=\"so-panel widget widget_sow-image panel-first-child panel-last-child\" data-index=\"1\" ><div class=\"panel-widget-style panel-widget-style-for-w60db4bf72797c-0-2-0\" ><div class=\"so-widget-sow-image so-widget-sow-image-default-17bc2272b535-10281\">\n\n<div class=\"sow-image-container\">\n\t\t<img src=\"https:\/\/e4systemsgroup.com\/site\/wp-content\/uploads\/2021\/06\/SERVICIOS_02.jpg\" width=\"300\" height=\"250\" srcset=\"https:\/\/e4systemsgroup.com\/site\/wp-content\/uploads\/2021\/06\/SERVICIOS_02.jpg 300w, https:\/\/e4systemsgroup.com\/site\/wp-content\/uploads\/2021\/06\/SERVICIOS_02-280x233.jpg 280w\" sizes=\"(max-width: 300px) 100vw, 300px\" alt=\"\" loading=\"lazy\" \t\tclass=\"so-widget-image\"\/>\n\t<\/div>\n\n<\/div><\/div><\/div><\/div><div id=\"pgc-w60db4bf72797c-0-3\"  class=\"panel-grid-cell panel-grid-cell-empty\" ><\/div><\/div><\/div><\/div><\/div><div id=\"pgc-10281-0-1\"  class=\"panel-grid-cell\" ><div id=\"panel-10281-0-1-0\" class=\"so-panel widget widget_sow-image panel-first-child panel-last-child\" data-index=\"2\" ><div class=\"so-widget-sow-image so-widget-sow-image-default-d6014b76747a-10281\">\n\n<div class=\"sow-image-container\">\n\t\t<img src=\"https:\/\/e4systemsgroup.com\/site\/wp-content\/uploads\/2021\/06\/LATERAL_SERVICIOS.jpg\" width=\"350\" height=\"750\" srcset=\"https:\/\/e4systemsgroup.com\/site\/wp-content\/uploads\/2021\/06\/LATERAL_SERVICIOS.jpg 350w, https:\/\/e4systemsgroup.com\/site\/wp-content\/uploads\/2021\/06\/LATERAL_SERVICIOS-140x300.jpg 140w, https:\/\/e4systemsgroup.com\/site\/wp-content\/uploads\/2021\/06\/LATERAL_SERVICIOS-280x600.jpg 280w\" sizes=\"(max-width: 350px) 100vw, 350px\" alt=\"\" loading=\"lazy\" \t\tclass=\"so-widget-image\"\/>\n\t<\/div>\n\n<\/div><\/div><\/div><\/div><\/div><div id=\"pg-10281-1\"  class=\"panel-grid panel-has-style\" ><div class=\"siteorigin-panels-stretch panel-row-style panel-row-style-for-10281-1\" data-stretch-type=\"full\" ><div id=\"pgc-10281-1-0\"  class=\"panel-grid-cell\" ><div id=\"panel-10281-1-0-0\" class=\"so-panel widget widget_sow-editor panel-first-child\" data-index=\"3\" ><div class=\"so-widget-sow-editor so-widget-sow-editor-base\">\n<div class=\"siteorigin-widget-tinymce textwidget\">\n\t<h4 style=\"text-align: center; margin-top: 0px; margin-bottom: 0px;\"><span style=\"color: #ffffff;\">Nuestra empresa se dedica a la venta de soluciones integrales para<\/span><\/h4>\n<h4 style=\"text-align: center; margin-top: 0px; margin-bottom: 0px;\"><span style=\"color: #ffffff;\">la optimizaci\u00f3n de los procesos industriales.<\/span><\/h4>\n<\/div>\n<\/div><\/div><div id=\"panel-10281-1-0-1\" class=\"so-panel widget widget_sow-button panel-last-child\" data-index=\"4\" ><div class=\"so-widget-sow-button so-widget-sow-button-wire-06330324aa37-10281\"><div class=\"ow-button-base ow-button-align-center\">\n\t<a href=\"https:\/\/e4systemsgroup.com\/site\/contactenos\/\" class=\"ow-icon-placement-left ow-button-hover\" \t\t>\n\t\t<span>\n\t\t\t\n\t\t\tCont\u00e1ctenos\t\t<\/span>\n\t<\/a>\n<\/div>\n<\/div><\/div><\/div><\/div><\/div><div id=\"pg-10281-2\"  class=\"panel-grid panel-has-style\" ><div class=\"siteorigin-panels-stretch panel-row-style panel-row-style-for-10281-2\" data-stretch-type=\"full\" ><div id=\"pgc-10281-2-0\"  class=\"panel-grid-cell\" ><div id=\"panel-10281-2-0-0\" class=\"so-panel widget widget_sow-image panel-first-child panel-last-child\" data-index=\"5\" ><div class=\"so-widget-sow-image so-widget-sow-image-default-4b231843ec72-10281\">\n\n<div class=\"sow-image-container\">\n\t\t<img src=\"https:\/\/e4systemsgroup.com\/site\/wp-content\/uploads\/2021\/06\/ARTE_INFERIOR_HOME.jpg\" width=\"1261\" height=\"370\" srcset=\"https:\/\/e4systemsgroup.com\/site\/wp-content\/uploads\/2021\/06\/ARTE_INFERIOR_HOME.jpg 1261w, https:\/\/e4systemsgroup.com\/site\/wp-content\/uploads\/2021\/06\/ARTE_INFERIOR_HOME-280x82.jpg 280w, https:\/\/e4systemsgroup.com\/site\/wp-content\/uploads\/2021\/06\/ARTE_INFERIOR_HOME-600x176.jpg 600w, https:\/\/e4systemsgroup.com\/site\/wp-content\/uploads\/2021\/06\/ARTE_INFERIOR_HOME-300x88.jpg 300w, https:\/\/e4systemsgroup.com\/site\/wp-content\/uploads\/2021\/06\/ARTE_INFERIOR_HOME-1024x300.jpg 1024w\" sizes=\"(max-width: 1261px) 100vw, 1261px\" alt=\"\" loading=\"lazy\" \t\tclass=\"so-widget-image\"\/>\n\t<\/div>\n\n<\/div><\/div><\/div><\/div><\/div><\/div>","protected":false},"excerpt":{"rendered":"<p>Proyectos Ingenier\u00eda conceptual, b\u00e1sica, de detalles. Arquitectura del sistema. Filosof\u00eda de control. Memorias de c\u00e1lculos. Planos. Manuales de operaci\u00f3n. Armado y puesta en marcha de sistemas PLC. Programaci\u00f3n de sistemas PLC Sistemas Scadas. Asistencia t\u00e9cnica Suministro de personal en paradas de planta, reparaciones y evaluaciones en sitio. Sistemas de control y monitoreo de condiciones Bently [&hellip;]<\/p>\n","protected":false},"author":4,"featured_media":0,"parent":0,"menu_order":0,"comment_status":"closed","ping_status":"closed","template":"template-fullwidth.php","meta":[],"yoast_head":"<!-- This site is optimized with the Yoast SEO plugin v16.5 - https:\/\/yoast.com\/wordpress\/plugins\/seo\/ -->\n<title>Servicios - E4 SYSTEMS GROUP<\/title>\n<meta name=\"robots\" content=\"index, follow, max-snippet:-1, max-image-preview:large, max-video-preview:-1\" \/>\n<link rel=\"canonical\" href=\"https:\/\/e4systemsgroup.com\/site\/servicios\/\" \/>\n<meta property=\"og:locale\" content=\"es_ES\" \/>\n<meta property=\"og:type\" content=\"article\" \/>\n<meta property=\"og:title\" content=\"Servicios - E4 SYSTEMS GROUP\" \/>\n<meta property=\"og:description\" content=\"Proyectos Ingenier\u00eda conceptual, b\u00e1sica, de detalles. Arquitectura del sistema. Filosof\u00eda de control. Memorias de c\u00e1lculos. Planos. Manuales de operaci\u00f3n. Armado y puesta en marcha de sistemas PLC. Programaci\u00f3n de sistemas PLC Sistemas Scadas. Asistencia t\u00e9cnica Suministro de personal en paradas de planta, reparaciones y evaluaciones en sitio. Sistemas de control y monitoreo de condiciones Bently [&hellip;]\" \/>\n<meta property=\"og:url\" content=\"https:\/\/e4systemsgroup.com\/site\/servicios\/\" \/>\n<meta property=\"og:site_name\" content=\"E4 SYSTEMS GROUP\" \/>\n<meta property=\"article:modified_time\" content=\"2021-10-31T21:06:06+00:00\" \/>\n<meta name=\"twitter:card\" content=\"summary\" \/>\n<meta name=\"twitter:label1\" content=\"Tiempo de lectura\" \/>\n\t<meta name=\"twitter:data1\" content=\"1 minuto\" \/>\n<script type=\"application\/ld+json\" class=\"yoast-schema-graph\">{\"@context\":\"https:\/\/schema.org\",\"@graph\":[{\"@type\":\"Organization\",\"@id\":\"https:\/\/e4systemsgroup.com\/site\/#organization\",\"name\":\"E4 SYSTEMS GROUP\",\"url\":\"https:\/\/e4systemsgroup.com\/site\/\",\"sameAs\":[],\"logo\":{\"@type\":\"ImageObject\",\"@id\":\"https:\/\/e4systemsgroup.com\/site\/#logo\",\"inLanguage\":\"es\",\"url\":\"\",\"contentUrl\":\"\",\"caption\":\"E4 SYSTEMS GROUP\"},\"image\":{\"@id\":\"https:\/\/e4systemsgroup.com\/site\/#logo\"}},{\"@type\":\"WebSite\",\"@id\":\"https:\/\/e4systemsgroup.com\/site\/#website\",\"url\":\"https:\/\/e4systemsgroup.com\/site\/\",\"name\":\"E4 SYSTEMS GROUP\",\"description\":\"http:\/\/www.e4systemsgroup.com\",\"publisher\":{\"@id\":\"https:\/\/e4systemsgroup.com\/site\/#organization\"},\"potentialAction\":[{\"@type\":\"SearchAction\",\"target\":\"https:\/\/e4systemsgroup.com\/site\/?s={search_term_string}\",\"query-input\":\"required name=search_term_string\"}],\"inLanguage\":\"es\"},{\"@type\":\"WebPage\",\"@id\":\"https:\/\/e4systemsgroup.com\/site\/servicios\/#webpage\",\"url\":\"https:\/\/e4systemsgroup.com\/site\/servicios\/\",\"name\":\"Servicios - E4 SYSTEMS GROUP\",\"isPartOf\":{\"@id\":\"https:\/\/e4systemsgroup.com\/site\/#website\"},\"datePublished\":\"2021-06-26T16:19:51+00:00\",\"dateModified\":\"2021-10-31T21:06:06+00:00\",\"breadcrumb\":{\"@id\":\"https:\/\/e4systemsgroup.com\/site\/servicios\/#breadcrumb\"},\"inLanguage\":\"es\",\"potentialAction\":[{\"@type\":\"ReadAction\",\"target\":[\"https:\/\/e4systemsgroup.com\/site\/servicios\/\"]}]},{\"@type\":\"BreadcrumbList\",\"@id\":\"https:\/\/e4systemsgroup.com\/site\/servicios\/#breadcrumb\",\"itemListElement\":[{\"@type\":\"ListItem\",\"position\":1,\"name\":\"Portada\",\"item\":\"https:\/\/e4systemsgroup.com\/site\/\"},{\"@type\":\"ListItem\",\"position\":2,\"name\":\"Servicios\"}]}]}<\/script>\n<!-- \/ Yoast SEO plugin. -->","_links":{"self":[{"href":"https:\/\/e4systemsgroup.com\/site\/wp-json\/wp\/v2\/pages\/10281"}],"collection":[{"href":"https:\/\/e4systemsgroup.com\/site\/wp-json\/wp\/v2\/pages"}],"about":[{"href":"https:\/\/e4systemsgroup.com\/site\/wp-json\/wp\/v2\/types\/page"}],"author":[{"embeddable":true,"href":"https:\/\/e4systemsgroup.com\/site\/wp-json\/wp\/v2\/users\/4"}],"replies":[{"embeddable":true,"href":"https:\/\/e4systemsgroup.com\/site\/wp-json\/wp\/v2\/comments?post=10281"}],"version-history":[{"count":0,"href":"https:\/\/e4systemsgroup.com\/site\/wp-json\/wp\/v2\/pages\/10281\/revisions"}],"wp:attachment":[{"href":"https:\/\/e4systemsgroup.com\/site\/wp-json\/wp\/v2\/media?parent=10281"}],"curies":[{"name":"wp","href":"https:\/\/api.w.org\/{rel}","templated":true}]}}